{"id":9521,"date":"2024-12-11T12:16:00","date_gmt":"2024-12-11T11:16:00","guid":{"rendered":"https:\/\/sacogroup.it\/prodotto\/aspiratore-liquidi-e-solidi\/"},"modified":"2025-01-29T16:04:40","modified_gmt":"2025-01-29T15:04:40","slug":"aspiratore-liquidi-e-solidi","status":"publish","type":"product","link":"https:\/\/sacogroup.it\/en\/prodotto\/aspiratore-liquidi-e-solidi\/","title":{"rendered":"Aspiratore liquidi e solidi"},"content":{"rendered":"<p>Aspirapolvere liquidi 1 motore fusto plastica 30 lt compatto per grandi prestazioni. L&#8217;elevata qualit\u00e0 dei materiali impiegati garantiscono la massima affidabilit\u00e0 nel tempo. Grazie al potente motore 1300 W \u00e8 il nostro miglior piccolo aspiratore per aspirare liquidi e solidi pesanti. Il fusto in polipropilene ha una buona resistenza alle sostanze corrosive alcaline ed acide. Il filtro in poliestere consente l&#8217;aspirazione di grandi quantit\u00e0 di polveri fini e solidi per lavori difficili. Grazie al suo incredibile kit accessori professionale diamestro 40 \u00e8 possibile risolvere qualsiasi problema di pulizia<\/p>\n","protected":false},"excerpt":{"rendered":"<p>Aspirapolvere liquidi 1 motore fusto plast&#8230;<\/p>\n","protected":false},"featured_media":8784,"template":"","meta":[],"product_cat":[444],"product_tag":[627],"class_list":{"0":"post-9521","1":"product","2":"type-product","3":"status-publish","4":"has-post-thumbnail","6":"product_cat-macchinari-pulizia","7":"product_tag-aspirapolvere","9":"first","10":"instock","11":"shipping-taxable","12":"product-type-simple"},"jetpack_sharing_enabled":true,"_links":{"self":[{"href":"https:\/\/sacogroup.it\/en\/wp-json\/wp\/v2\/product\/9521","targetHints":{"allow":["GET"]}}],"collection":[{"href":"https:\/\/sacogroup.it\/en\/wp-json\/wp\/v2\/product"}],"about":[{"href":"https:\/\/sacogroup.it\/en\/wp-json\/wp\/v2\/types\/product"}],"wp:featuredmedia":[{"embeddable":true,"href":"https:\/\/sacogroup.it\/en\/wp-json\/wp\/v2\/media\/8784"}],"wp:attachment":[{"href":"https:\/\/sacogroup.it\/en\/wp-json\/wp\/v2\/media?parent=9521"}],"wp:term":[{"taxonomy":"product_cat","embeddable":true,"href":"https:\/\/sacogroup.it\/en\/wp-json\/wp\/v2\/product_cat?post=9521"},{"taxonomy":"product_tag","embeddable":true,"href":"https:\/\/sacogroup.it\/en\/wp-json\/wp\/v2\/product_tag?post=9521"}],"curies":[{"name":"wp","href":"https:\/\/api.w.org\/{rel}","templated":true}]}}